{"id":7,"date":"2022-03-31T15:50:50","date_gmt":"2022-03-31T15:50:50","guid":{"rendered":"https:\/\/clinicalesborges.com\/?page_id=7"},"modified":"2025-10-01T21:14:49","modified_gmt":"2025-10-01T21:14:49","slug":"portada","status":"publish","type":"page","link":"https:\/\/clinicalesborges.com\/","title":{"rendered":"Portada"},"content":{"rendered":"\n<div class=\"wp-block-cover alignfull is-light has-parallax\" style=\"min-height:500px;aspect-ratio:unset;\"><div class=\"wp-block-cover__image-background wp-image-216 has-parallax\" style=\"background-position:50% 50%;background-image:url(https:\/\/clinicalesborges.com\/wp-content\/uploads\/2022\/04\/f_serveis-1.jpg)\"><\/div><span aria-hidden=\"true\" class=\"wp-block-cover__background has-black-background-color has-background-dim-0 has-background-dim\"><\/span><div class=\"wp-block-cover__inner-container is-layout-flow wp-block-cover-is-layout-flow\">\n<p class=\"has-text-align-center has-large-font-size\"><\/p>\n<\/div><\/div>\n\n\n\n<h2 class=\"wp-block-heading alignfull has-text-align-center has-white-color has-text-color has-background\" style=\"background-color:#52842c\">Serveis destacats<\/h2>\n\n\n\n<div style=\"height:60px\" aria-hidden=\"true\" class=\"wp-block-spacer\"><\/div>\n\n\n\n<div class=\"wp-block-columns is-layout-flex wp-container-core-columns-is-layout-9d6595d7 wp-block-columns-is-layout-flex\">\n<div class=\"wp-block-column is-layout-flow wp-block-column-is-layout-flow\"><div class=\"wp-block-image\">\n<figure class=\"aligncenter size-full\"><img loading=\"lazy\" decoding=\"async\" width=\"100\" height=\"100\" src=\"https:\/\/clinicalesborges.com\/wp-content\/uploads\/2022\/04\/consulta-1.jpg\" alt=\"\" class=\"wp-image-96\"\/><\/figure>\n<\/div>\n\n\n<h4 class=\"wp-block-heading has-text-align-center\">Consulta<\/h4>\n<\/div>\n\n\n\n<div class=\"wp-block-column is-layout-flow wp-block-column-is-layout-flow\"><div class=\"wp-block-image\">\n<figure class=\"aligncenter size-full\"><img loading=\"lazy\" decoding=\"async\" width=\"100\" height=\"100\" src=\"https:\/\/clinicalesborges.com\/wp-content\/uploads\/2022\/04\/rx-2.jpg\" alt=\"\" class=\"wp-image-106\"\/><\/figure>\n<\/div>\n\n\n<h4 class=\"wp-block-heading has-text-align-center\">Diagn\u00f2stic per imatge<\/h4>\n<\/div>\n\n\n\n<div class=\"wp-block-column is-layout-flow wp-block-column-is-layout-flow\"><div class=\"wp-block-image\">\n<figure class=\"aligncenter size-full\"><img loading=\"lazy\" decoding=\"async\" width=\"100\" height=\"100\" src=\"https:\/\/clinicalesborges.com\/wp-content\/uploads\/2022\/04\/cirurgia.jpg\" alt=\"\" class=\"wp-image-105\"\/><\/figure>\n<\/div>\n\n\n<h4 class=\"wp-block-heading has-text-align-center\">Cirurgia<\/h4>\n<\/div>\n<\/div>\n\n\n\n<div class=\"wp-block-columns is-layout-flex wp-container-core-columns-is-layout-9d6595d7 wp-block-columns-is-layout-flex\">\n<div class=\"wp-block-column is-layout-flow wp-block-column-is-layout-flow\"><div class=\"wp-block-image\">\n<figure class=\"aligncenter size-full\"><img loading=\"lazy\" decoding=\"async\" width=\"100\" height=\"100\" src=\"https:\/\/clinicalesborges.com\/wp-content\/uploads\/2022\/04\/hospital.jpg\" alt=\"\" class=\"wp-image-97\"\/><\/figure>\n<\/div>\n\n\n<h4 class=\"wp-block-heading has-text-align-center\">Hospitalitzaci\u00f3 de dia<\/h4>\n<\/div>\n\n\n\n<div class=\"wp-block-column is-layout-flow wp-block-column-is-layout-flow\"><div class=\"wp-block-image\">\n<figure class=\"aligncenter size-full\"><img loading=\"lazy\" decoding=\"async\" width=\"100\" height=\"100\" src=\"https:\/\/clinicalesborges.com\/wp-content\/uploads\/2022\/04\/lab.jpg\" alt=\"\" class=\"wp-image-100\"\/><\/figure>\n<\/div>\n\n\n<h4 class=\"wp-block-heading has-text-align-center\">Laboratori<\/h4>\n<\/div>\n\n\n\n<div class=\"wp-block-column is-layout-flow wp-block-column-is-layout-flow\"><div class=\"wp-block-image\">\n<figure class=\"aligncenter size-full\"><img loading=\"lazy\" decoding=\"async\" width=\"100\" height=\"100\" src=\"https:\/\/clinicalesborges.com\/wp-content\/uploads\/2022\/04\/tramits-1.jpg\" alt=\"\" class=\"wp-image-92\"\/><\/figure>\n<\/div>\n\n\n<h4 class=\"wp-block-heading has-text-align-center\">Tr\u00e0mits<\/h4>\n<\/div>\n<\/div>\n\n\n\n<div class=\"wp-block-columns is-layout-flex wp-container-core-columns-is-layout-9d6595d7 wp-block-columns-is-layout-flex\">\n<div class=\"wp-block-column is-layout-flow wp-block-column-is-layout-flow\"><div class=\"wp-block-image\">\n<figure class=\"aligncenter size-full\"><img loading=\"lazy\" decoding=\"async\" width=\"100\" height=\"100\" src=\"https:\/\/clinicalesborges.com\/wp-content\/uploads\/2022\/04\/botiga.jpg\" alt=\"\" class=\"wp-image-95\"\/><\/figure>\n<\/div>\n\n\n<h4 class=\"wp-block-heading has-text-align-center\">Botiga especialitzada<\/h4>\n<\/div>\n\n\n\n<div class=\"wp-block-column is-layout-flow wp-block-column-is-layout-flow\"><div class=\"wp-block-image\">\n<figure class=\"aligncenter size-full\"><img loading=\"lazy\" decoding=\"async\" width=\"100\" height=\"100\" src=\"https:\/\/clinicalesborges.com\/wp-content\/uploads\/2022\/04\/perruqueria-1.jpg\" alt=\"\" class=\"wp-image-98\"\/><\/figure>\n<\/div>\n\n\n<h4 class=\"wp-block-heading has-text-align-center\">Perruquer\u00eda<\/h4>\n<\/div>\n\n\n\n<div class=\"wp-block-column is-layout-flow wp-block-column-is-layout-flow\"><div class=\"wp-block-image\">\n<figure class=\"aligncenter size-full\"><img loading=\"lazy\" decoding=\"async\" width=\"100\" height=\"100\" src=\"https:\/\/clinicalesborges.com\/wp-content\/uploads\/2022\/04\/domicili.jpg\" alt=\"\" class=\"wp-image-89\"\/><\/figure>\n<\/div>\n\n\n<h4 class=\"wp-block-heading has-text-align-center\">Consulta a domicili<\/h4>\n<\/div>\n<\/div>\n\n\n\n<div class=\"wp-block-buttons is-layout-flex wp-block-buttons-is-layout-flex\">\n<div class=\"wp-block-button is-style-fill\"><a class=\"wp-block-button__link has-white-color has-text-color has-background has-custom-font-size wp-element-button\" href=\"https:\/\/clinicalesborges.com\/index.php\/serveis\/\" style=\"background-color:#cd163c;font-size:25px\">Veure tots els serveis<\/a><\/div>\n<\/div>\n\n\n\n<div style=\"height:100px\" aria-hidden=\"true\" class=\"wp-block-spacer\"><\/div>\n\n\n\n<div class=\"wp-block-cover alignfull is-light has-parallax\" style=\"min-height:430px;aspect-ratio:unset;\"><div class=\"wp-block-cover__image-background wp-image-122 has-parallax\" style=\"background-position:50% 50%;background-image:url(https:\/\/clinicalesborges.com\/wp-content\/uploads\/2022\/04\/f_paciente.jpg)\"><\/div><span aria-hidden=\"true\" class=\"wp-block-cover__background has-black-background-color has-background-dim-0 has-background-dim\"><\/span><div class=\"wp-block-cover__inner-container is-layout-flow wp-block-cover-is-layout-flow\">\n<p class=\"has-text-align-center has-large-font-size\"><\/p>\n<\/div><\/div>\n\n\n\n<div style=\"height:100px\" aria-hidden=\"true\" class=\"wp-block-spacer\"><\/div>\n\n\n\n<div class=\"wp-block-media-text is-stacked-on-mobile\" style=\"grid-template-columns:30% auto\"><figure class=\"wp-block-media-text__media\"><img loading=\"lazy\" decoding=\"async\" width=\"250\" height=\"245\" src=\"https:\/\/clinicalesborges.com\/wp-content\/uploads\/2022\/04\/cruz.png\" alt=\"\" class=\"wp-image-138 size-full\"\/><\/figure><div class=\"wp-block-media-text__content\">\n<h3 class=\"wp-block-heading has-white-color has-text-color has-background\" style=\"background-color:#cd163c\">\u00bfEn que et podem ajudar?<\/h3>\n\n\n\n<ul class=\"wp-block-list\">\n<li>Medicina general i preventiva<\/li>\n\n\n\n<li>Cirurgia i traumatologia<\/li>\n\n\n\n<li>Consulta d&#8217;animals ex\u00f2tics<\/li>\n\n\n\n<li>Oncologia<\/li>\n\n\n\n<li>Etologia<\/li>\n<\/ul>\n\n\n\n<div class=\"wp-block-buttons is-layout-flex wp-block-buttons-is-layout-flex\">\n<div class=\"wp-block-button has-custom-font-size is-style-outline has-medium-font-size alignleft is-style-outline--1\"><a class=\"wp-block-button__link has-black-color has-text-color wp-element-button\" href=\"https:\/\/clinicalesborges.com\/index.php\/especialitats\/\">Veure totes les especialitats<\/a><\/div>\n<\/div>\n<\/div><\/div>\n\n\n\n<div style=\"height:100px\" aria-hidden=\"true\" class=\"wp-block-spacer\"><\/div>\n\n\n\n<div class=\"wp-block-cover alignfull is-light has-parallax\" style=\"min-height:430px;aspect-ratio:unset;\"><div class=\"wp-block-cover__image-background wp-image-180 has-parallax\" style=\"background-position:50% 50%;background-image:url(https:\/\/clinicalesborges.com\/wp-content\/uploads\/2022\/04\/f_pelu2.jpg)\"><\/div><span aria-hidden=\"true\" class=\"wp-block-cover__background has-black-background-color has-background-dim-0 has-background-dim\"><\/span><div class=\"wp-block-cover__inner-container is-layout-flow wp-block-cover-is-layout-flow\">\n<p class=\"has-text-align-center has-large-font-size\"><\/p>\n<\/div><\/div>\n\n\n\n<div style=\"height:30px\" aria-hidden=\"true\" class=\"wp-block-spacer\"><\/div>\n\n\n\n<div class=\"wp-block-columns is-layout-flex wp-container-core-columns-is-layout-9d6595d7 wp-block-columns-is-layout-flex\">\n<div class=\"wp-block-column is-layout-flow wp-block-column-is-layout-flow\"><div class=\"wp-block-image\">\n<figure class=\"aligncenter size-full is-resized\"><img loading=\"lazy\" decoding=\"async\" width=\"72\" height=\"16\" src=\"https:\/\/clinicalesborges.com\/wp-content\/uploads\/2022\/04\/estrellas.jpg\" alt=\"\" class=\"wp-image-235\" style=\"width:72px;height:16px\"\/><\/figure>\n<\/div>\n\n\n<p class=\"has-text-align-center\"><strong>Flori Triguero Fernandez<\/strong><\/p>\n\n\n\n<p class=\"has-text-align-center\">Muy agradecida por el trato, por vuestra labor, la mimos ya est\u00e1 recuperada.<br><br>Muy buenos profesionales sin duda alguna, 100% recomendados. Mil gracias \ud83d\udc9c<\/p>\n<\/div>\n\n\n\n<div class=\"wp-block-column is-layout-flow wp-block-column-is-layout-flow\"><div class=\"wp-block-image\">\n<figure class=\"aligncenter size-full is-resized\"><img loading=\"lazy\" decoding=\"async\" width=\"72\" height=\"16\" src=\"https:\/\/clinicalesborges.com\/wp-content\/uploads\/2022\/04\/estrellas.jpg\" alt=\"\" class=\"wp-image-235\" style=\"width:72px;height:16px\"\/><\/figure>\n<\/div>\n\n\n<p class=\"has-text-align-center\"><strong>Ivan Castro Medina<\/strong><\/p>\n\n\n\n<p class=\"has-text-align-center\">Muy buen trato con las personas y muy atentos con los animales.<br><br>Recomendable 100%<\/p>\n<\/div>\n\n\n\n<div class=\"wp-block-column is-layout-flow wp-block-column-is-layout-flow\"><div class=\"wp-block-image\">\n<figure class=\"aligncenter size-full is-resized\"><img loading=\"lazy\" decoding=\"async\" width=\"72\" height=\"16\" src=\"https:\/\/clinicalesborges.com\/wp-content\/uploads\/2022\/04\/estrellas.jpg\" alt=\"\" class=\"wp-image-235\" style=\"width:72px;height:16px\"\/><\/figure>\n<\/div>\n\n\n<p class=\"has-text-align-center\"><strong>Aleidis T<\/strong><\/p>\n\n\n\n<p class=\"has-text-align-center\">Molt professionals, tracten als animals com membres de la familia, s&#8217;involucren molt\u00edssim i t&#8217;expliquen clarament tot lo que fan i el que poden subministrar al animal i per qu\u00e8 (vacunes, tractaments, etc.), fet que d\u00f3na molta tranquilitat. Gr\u00e0cies!<\/p>\n<\/div>\n<\/div>\n\n\n\n<div class=\"wp-block-buttons is-layout-flex wp-block-buttons-is-layout-flex\">\n<div class=\"wp-block-button is-style-fill\"><a class=\"wp-block-button__link has-white-color has-text-color has-background has-custom-font-size wp-element-button\" href=\"https:\/\/www.google.com\/search?q=cv+les+borges&amp;rlz=1C1CHBF_esES818ES818&amp;oq=cv+les+borges&amp;aqs=chrome.0.69i59j46i175i199i512j0i22i30j69i59j69i60l3.2720j0j9&amp;sourceid=chrome&amp;ie=UTF-8#lrd=0x12a14e58c41ad837:0xe7c0aeddd72f89bd,1,,,\" style=\"background-color:#cd163c;font-size:25px\" target=\"_blank\" rel=\"noreferrer noopener\">Veure totes les opinions<\/a><\/div>\n<\/div>\n\n\n\n<div style=\"height:30px\" aria-hidden=\"true\" class=\"wp-block-spacer\"><\/div>\n\n\n\n<h2 class=\"wp-block-heading alignfull has-text-align-center has-white-color has-text-color has-background\" style=\"background-color:#52842c\">Contacta amb nosaltres<\/h2>\n\n\n\n<div class=\"wp-block-columns is-layout-flex wp-container-core-columns-is-layout-9d6595d7 wp-block-columns-is-layout-flex\">\n<div class=\"wp-block-column is-layout-flow wp-block-column-is-layout-flow\">\n<h3 class=\"wp-block-heading has-text-align-right has-text-color\" style=\"color:#52842c\">Demana cita al<br>    977 56 01 67<\/h3>\n<\/div>\n\n\n\n<div class=\"wp-block-column is-layout-flow wp-block-column-is-layout-flow\">\n<h3 class=\"wp-block-heading\">De dilluns a dijous de 10 a 19h<br>Divendres de 10 a 18h<\/h3>\n<\/div>\n<\/div>\n","protected":false},"excerpt":{"rendered":"<p>Serveis destacats Consulta Diagn\u00f2stic per imatge Cirurgia Hospitalitzaci\u00f3 de dia Laboratori Tr\u00e0mits Botiga especialitzada Perruquer\u00eda Consulta a domicili Flori Triguero Fernandez Muy agradecida por el trato, por vuestra labor, la mimos ya est\u00e1 recuperada. Muy buenos profesionales sin duda alguna, 100% recomendados. Mil gracias \ud83d\udc9c Ivan Castro Medina Muy buen trato con las personas y [&hellip;]<\/p>\n","protected":false},"author":1,"featured_media":0,"parent":0,"menu_order":0,"comment_status":"closed","ping_status":"closed","template":"custom-page.php","meta":{"footnotes":""},"class_list":["post-7","page","type-page","status-publish","czr-hentry"],"_links":{"self":[{"href":"https:\/\/clinicalesborges.com\/index.php\/wp-json\/wp\/v2\/pages\/7","targetHints":{"allow":["GET"]}}],"collection":[{"href":"https:\/\/clinicalesborges.com\/index.php\/wp-json\/wp\/v2\/pages"}],"about":[{"href":"https:\/\/clinicalesborges.com\/index.php\/wp-json\/wp\/v2\/types\/page"}],"author":[{"embeddable":true,"href":"https:\/\/clinicalesborges.com\/index.php\/wp-json\/wp\/v2\/users\/1"}],"replies":[{"embeddable":true,"href":"https:\/\/clinicalesborges.com\/index.php\/wp-json\/wp\/v2\/comments?post=7"}],"version-history":[{"count":49,"href":"https:\/\/clinicalesborges.com\/index.php\/wp-json\/wp\/v2\/pages\/7\/revisions"}],"predecessor-version":[{"id":257,"href":"https:\/\/clinicalesborges.com\/index.php\/wp-json\/wp\/v2\/pages\/7\/revisions\/257"}],"wp:attachment":[{"href":"https:\/\/clinicalesborges.com\/index.php\/wp-json\/wp\/v2\/media?parent=7"}],"curies":[{"name":"wp","href":"https:\/\/api.w.org\/{rel}","templated":true}]}}